{"id":4011,"date":"2021-11-03T09:55:29","date_gmt":"2021-11-03T08:55:29","guid":{"rendered":"https:\/\/www.triconlaw.de\/career\/"},"modified":"2023-07-20T10:33:17","modified_gmt":"2023-07-20T08:33:17","slug":"career","status":"publish","type":"page","link":"https:\/\/www.triconlaw.de\/en\/career\/","title":{"rendered":"Career"},"content":{"rendered":"\n<div class=\"wp-block-group teaser-container center\"><div class=\"wp-block-group__inner-container is-layout-flow wp-block-group-is-layout-flow\">\n<figure class=\"wp-block-image size-full teaserimage\"><img decoding=\"async\" src=\"\/wp-content\/uploads\/triconlaw.de_teaser-karriere.jpg\" alt=\"\" class=\"wp-image-28\"\/><\/figure>\n\n\n\n<div class=\"wp-block-group teaser-title\"><div class=\"wp-block-group__inner-container is-layout-flow wp-block-group-is-layout-flow\">\n<h1 class=\"wp-block-heading has-text-align-center\" id=\"title\">Careers<\/h1>\n<\/div><\/div>\n<\/div><\/div>\n\n\n\n<section class=\"wp-block-group bg-grey\"><div class=\"wp-block-group__inner-container is-layout-flow wp-block-group-is-layout-flow\">\n<div class=\"wp-block-group section block-pb-0\"><div class=\"wp-block-group__inner-container is-layout-flow wp-block-group-is-layout-flow\">\n<p class=\"has-text-align-center mw-840 m-a center mb-50 mb-s-30\">TRICON is a law and tax consulting firm for medium-sized businesses operating throughout Germany, with its headquarters in the center of Munich. Our integrated consulting approach combines the areas of legal advice and tax consulting, also considering economic and commercial law aspects.<\/p>\n<\/div><\/div>\n<\/div><\/section>\n\n\n\n<section id=\"jobs\" class=\"wp-block-group pt-section-block bg-grey\"><div class=\"wp-block-group__inner-container is-layout-flow wp-block-group-is-layout-flow\">\n<div class=\"wp-block-columns style-swiper-container is-layout-flex wp-container-core-columns-is-layout-9d6595d7 wp-block-columns-is-layout-flex\">\n<div class=\"wp-block-column style-swiper-container is-layout-flow wp-block-column-is-layout-flow\" id=\"myStyleSwiper\">\n<div class=\"wp-block-columns is-layout-flex wp-container-core-columns-is-layout-9d6595d7 wp-block-columns-is-layout-flex\">\n<div class=\"wp-block-column style-swiper-slide-btn-wrap is-layout-flow wp-block-column-is-layout-flow\">\n<div class=\"wp-block-columns style-swiper-pagination-wrap is-layout-flex wp-container-core-columns-is-layout-9d6595d7 wp-block-columns-is-layout-flex\">\n<div class=\"wp-block-column is-layout-flow wp-block-column-is-layout-flow\">\n<ol class=\"style-swiper-pagination\"><\/ol>\n<\/div>\n<\/div>\n\n\n\n<button class=\"style-swiper-btn-prev\" title=\"scroll previous\"><img decoding=\"async\" src=\"\/wp-content\/uploads\/triconlaw.de_arrow-left.svg\" class=\"slider-arrow-left\"\/><\/button>\n\n\n\n<div class=\"wp-block-columns is-layout-flex wp-container-core-columns-is-layout-9d6595d7 wp-block-columns-is-layout-flex\">\n<div class=\"wp-block-column style-swiper-slides hide-scrollbar is-layout-flow wp-block-column-is-layout-flow\">\n<div class=\"wp-block-columns is-layout-flex wp-container-core-columns-is-layout-9d6595d7 wp-block-columns-is-layout-flex\">\n<div class=\"wp-block-column swiper-slides-container is-layout-flow wp-block-column-is-layout-flow\">\n<p class=\"no-display\">Slide 1<\/p>\n\n\n\n<div class=\"wp-block-columns section is-layout-flex wp-container-core-columns-is-layout-9d6595d7 wp-block-columns-is-layout-flex\">\n<div class=\"wp-block-column mr--40 ml--40 mr-s--20 ml-s--20 is-layout-flow wp-block-column-is-layout-flow\" style=\"flex-basis:100%\">\n<h2 class=\"wp-block-heading has-text-align-center mw-700 m-a center left-xs mb-50 mb-s-30 pr-40 pr-s-20 pl-40 pl-s-20-i\">Auditor \/ tax consultant (m\/f\/x) with focus on transactions <\/h2>\n\n\n\n<div class=\"wp-block-columns fb-r-w fb-c-s is-layout-flex wp-container-core-columns-is-layout-9d6595d7 wp-block-columns-is-layout-flex\">\n<div class=\"wp-block-column col-2 s-col-1 pr-40 pl-40 pr-s-20 pl-s-20 js-scroll fade-in-bottom is-layout-flow wp-block-column-is-layout-flow\">\n<h3 class=\"wp-block-heading mb-1em\">Your tasks<\/h3>\n\n\n\n<ul class=\"tricon-list pl-20-i wp-block-list\">\n<li>Begleitung bzw. Leitung von Due Diligence Prozessen (Tax &amp; Financial)<\/li>\n\n\n\n<li>Akquisitionsstrukturierung und Vendor-Support aus handelsrechtlicher und steuerlicher Sicht<\/li>\n\n\n\n<li>Post-Merger Integration im Bereich Finance<\/li>\n\n\n\n<li>Umfassende Projektverantwortung<\/li>\n\n\n\n<li>Aktive Mitarbeit am weiteren Erfolg von TRICON<\/li>\n<\/ul>\n<\/div>\n\n\n\n<div class=\"wp-block-column col-2 s-col-1 pr-40 pl-40 pr-s-20 pl-s-20 mt-s-30 js-scroll fade-in-bottom delay-200 is-layout-flow wp-block-column-is-layout-flow\">\n<h3 class=\"wp-block-heading mb-1em\">We provide<\/h3>\n\n\n\n<ul class=\"tricon-list pl-20-i js-scroll wp-block-list\">\n<li>Selbstbestimmtes Arbeiten durch Koordination und Kontrolle der Projektteams sowie umfassende Mandatsverantwortung<\/li>\n\n\n\n<li>Fachlich anspruchsvolle Projekte, die den Arbeitsalltag nie langweilig werden lassen<\/li>\n\n\n\n<li>Ein motiviertes Team gleichgesinnter Berufstr\u00e4ger und eine abwechslungsreiche Mandatsstruktur<\/li>\n\n\n\n<li>Einen technisch perfekt ausgestatteten Arbeitsplatz<\/li>\n\n\n\n<li>Spa\u00df im Team<\/li>\n<\/ul>\n<\/div>\n<\/div>\n\n\n\n<div class=\"wp-block-columns fb-r-w fb-c-s mt-50 mt-s-30 is-layout-flex wp-container-core-columns-is-layout-9d6595d7 wp-block-columns-is-layout-flex\">\n<div class=\"wp-block-column col-2 s-col-1 pr-40 pl-40 pr-s-20 pl-s-20 js-scroll fade-in-bottom delay-400 is-layout-flow wp-block-column-is-layout-flow\">\n<h3 class=\"wp-block-heading mb-1em\">Your profile<\/h3>\n\n\n\n<ul class=\"tricon-list pl-20-i wp-block-list\">\n<li>Sie haben den Wunsch, Ihre M&amp;A-Kenntnisse in ein spezialisiertes Team einzubringen<\/li>\n\n\n\n<li>Sie verf\u00fcgen \u00fcber ein erfolgreiches Berufsexamen und eine mindestens dreij\u00e4hrige Spezialisierung bei der Betreuung von Mandanten im Bereich Transaktionen, vor allem Due Diligence und (steuerliche) Strukturierung<\/li>\n\n\n\n<li>Sie f\u00fchlen sich sicher in englischer Kommunikation \u2013 m\u00fcndlich und schriftlich<\/li>\n\n\n\n<li>Sie haben Organisationstalent und andere sch\u00e4tzen Sie wegen Ihrer Bereitschaft, Verantwortung zu \u00fcbernehmen. Sie haben Spa\u00df an projektbezogener Arbeitsweise<\/li>\n\n\n\n<li>Sie haben ein Gesp\u00fcr f\u00fcr Menschen, sind aufrichtig, unkompliziert und begeistern sich f\u00fcr unsere \u00dcberzeugung, dass Erfolg auf Knowhow und Teamarbeit basiert<\/li>\n\n\n\n<li>Sie teilen unsere \u00dcberzeugung, dass wir gemeinsam im Team Besseres erreichen als jeder Einzelne.<\/li>\n<\/ul>\n<\/div>\n\n\n\n<div class=\"wp-block-column col-2 s-col-1 pr-40 pl-40 pr-s-20 pl-s-20 mt-s-30 is-layout-flow wp-block-column-is-layout-flow\">\n<div class=\"wp-block-columns is-layout-flex wp-container-core-columns-is-layout-9d6595d7 wp-block-columns-is-layout-flex\">\n<div class=\"wp-block-column appointment-box bg-grey js-scroll fade-in-bottom delay-600 is-layout-flow wp-block-column-is-layout-flow\" style=\"flex-basis:100%\">\n<div class=\"wp-block-media-text alignwide is-stacked-on-mobile is-vertically-aligned-top fb-r-nw mw-s-600\" style=\"grid-template-columns:16% auto\"><figure class=\"wp-block-media-text__media\"><img decoding=\"async\" src=\"https:\/\/www.triconlaw.de\/wp-content\/uploads\/triconlaw.de_icon_jobs-apply.svg\" alt=\"\" class=\"wp-image-16 size-full\"\/><\/figure><div class=\"wp-block-media-text__content\">\n<h3 class=\"wp-block-heading\">Your application<\/h3>\n\n\n\n<p class=\"has-normal-font-size\">Please send your application with details of your salary expectations and earliest possible starting date to:<\/p>\n\n\n\n<p>TRICON \u2013 FREUNDL WOLLSTADT &amp; PARTNER<br>Rechtsanw\u00e4lte Steuerberater mbB<br>Br\u00e4uhausstra\u00dfe 4<br>80331 M\u00fcnchen<br><a href=\"mailto:f.freundl@triconlaw.de\">f.freundl@triconlaw.de<\/a><\/p>\n<\/div><\/div>\n<\/div>\n<\/div>\n<\/div>\n<\/div>\n<\/div>\n<\/div>\n<\/div>\n<\/div>\n\n\n\n<div class=\"wp-block-columns is-layout-flex wp-container-core-columns-is-layout-9d6595d7 wp-block-columns-is-layout-flex\">\n<div class=\"wp-block-column swiper-slides-container is-layout-flow wp-block-column-is-layout-flow\">\n<p class=\"no-display\">Slide 2<\/p>\n\n\n\n<div class=\"wp-block-columns section is-layout-flex wp-container-core-columns-is-layout-9d6595d7 wp-block-columns-is-layout-flex\">\n<div class=\"wp-block-column mr--40 ml--40 mr-s--20 ml-s--20 is-layout-flow wp-block-column-is-layout-flow\" style=\"flex-basis:100%\">\n<h2 class=\"wp-block-heading has-text-align-center mw-700 m-a center left-xs mb-50 mb-s-30 pr-40 pr-s-20 pl-40 pl-s-20-i\">Attorney (m\/f\/x)<\/h2>\n\n\n\n<div class=\"wp-block-columns fb-r-w fb-c-s is-layout-flex wp-container-core-columns-is-layout-9d6595d7 wp-block-columns-is-layout-flex\">\n<div class=\"wp-block-column col-2 s-col-1 pr-40 pl-40 pr-s-20 pl-s-20 js-scroll fade-in-bottom is-layout-flow wp-block-column-is-layout-flow\">\n<h3 class=\"wp-block-heading mb-1em\">Your tasks<\/h3>\n\n\n\n<ul class=\"tricon-list pl-20-i wp-block-list\">\n<li>Eingebunden in ein kompetentes und dynamisches Team bearbeiten Sie in einem interdisziplin\u00e4ren T\u00e4tigkeitsfeld anspruchsvolle Beratungsprojekte<\/li>\n\n\n\n<li>Beratung unserer Mandanten in sonstigen wirtschafsrechtlichen Fragestellungen wie beispielsweise im M&amp;A, Gesellschafts- oder insbesondere auch im Insolvenzrecht<\/li>\n\n\n\n<li>Unterst\u00fctzt und betreut werden Sie von unseren Partnern, die Ihnen sowohl fachliches wie pers\u00f6nliches Feedback geben und mit Ihnen Ihre Weiterbildung und Entwicklungsm\u00f6glichkeiten planen<\/li>\n<\/ul>\n<\/div>\n\n\n\n<div class=\"wp-block-column col-2 s-col-1 pr-40 pl-40 pr-s-20 pl-s-20 mt-s-30 js-scroll fade-in-bottom delay-200 is-layout-flow wp-block-column-is-layout-flow\">\n<h3 class=\"wp-block-heading mb-1em\">We provide<\/h3>\n\n\n\n<ul class=\"tricon-list pl-20-i wp-block-list\">\n<li>Ausgezeichnete berufliche Entwicklungsm\u00f6glichkeiten bei einer attraktiven Verg\u00fctung<\/li>\n\n\n\n<li>Ein Arbeits- und F\u00fchrungsstil, der sich durch kollegiales und wertsch\u00e4tzendes Miteinander, Teamorientierung und kurze Entscheidungswege auszeichnet<\/li>\n\n\n\n<li>Zus\u00e4tzlich tragen ein angenehmes und repr\u00e4sentatives Arbeitsumfeld direkt am Platzl und Arbeitszeiten, die Raum f\u00fcr Privates lassen, zu einer angenehmen Arbeitsatmosph\u00e4re<\/li>\n<\/ul>\n<\/div>\n<\/div>\n\n\n\n<div class=\"wp-block-columns fb-r-w fb-c-s mt-50 mt-s-30 is-layout-flex wp-container-core-columns-is-layout-9d6595d7 wp-block-columns-is-layout-flex\">\n<div class=\"wp-block-column col-2 s-col-1 pr-40 pl-40 pr-s-20 pl-s-20 js-scroll fade-in-bottom delay-400 is-layout-flow wp-block-column-is-layout-flow\">\n<h3 class=\"wp-block-heading mb-1em\">Your profile<\/h3>\n\n\n\n<ul class=\"tricon-list pl-20-i wp-block-list\">\n<li>Neben Ihrer sehr guten juristischen Qualifikation verf\u00fcgen Sie insbesondere \u00fcber ein gro\u00dfes Interesse an wirtschaftlichen Sachverhalten<\/li>\n\n\n\n<li>Zwei Jahre Berufserfahrung sind w\u00fcnschenswert, aber auch Bewerber mit weniger Erfahrung sind bei uns herzlich willkommen<\/li>\n\n\n\n<li>Sie arbeiten \u00e4u\u00dferst genau, erfassen Zusammenh\u00e4nge schnell und umfassend, besitzen Kreativit\u00e4t und Abstraktionsverm\u00f6gen und stellen hohe Anspr\u00fcche an die eigene Leistung<\/li>\n\n\n\n<li>Au\u00dferdem \u00fcberzeugen Sie durch professionelles Auftreten und ausgepr\u00e4gte soziale Kompetenz<\/li>\n\n\n\n<li>Sie k\u00f6nnen sich gut artikulieren, sind aufgeschlossen und empathisch<\/li>\n\n\n\n<li>Gute Englischkenntnisse runden Ihr Profil ab<\/li>\n<\/ul>\n<\/div>\n\n\n\n<div class=\"wp-block-column col-2 s-col-1 pr-40 pl-40 pr-s-20 pl-s-20 mt-s-30 is-layout-flow wp-block-column-is-layout-flow\">\n<div class=\"wp-block-columns is-layout-flex wp-container-core-columns-is-layout-9d6595d7 wp-block-columns-is-layout-flex\">\n<div class=\"wp-block-column appointment-box bg-grey js-scroll fade-in-bottom delay-600 is-layout-flow wp-block-column-is-layout-flow\" style=\"flex-basis:100%\">\n<div class=\"wp-block-media-text alignwide is-stacked-on-mobile is-vertically-aligned-top fb-r-nw mw-s-600\" style=\"grid-template-columns:16% auto\"><figure class=\"wp-block-media-text__media\"><img decoding=\"async\" src=\"https:\/\/www.triconlaw.de\/wp-content\/uploads\/triconlaw.de_icon_jobs-apply.svg\" alt=\"\" class=\"wp-image-16 size-full\"\/><\/figure><div class=\"wp-block-media-text__content\">\n<h3 class=\"wp-block-heading\">Your application<\/h3>\n\n\n\n<p class=\"has-normal-font-size\">Please send your application with details of your salary expectations and earliest possible starting date to:<\/p>\n\n\n\n<p>TRICON \u2013 FREUNDL WOLLSTADT &amp; PARTNER<br>Rechtsanw\u00e4lte Steuerberater mbB<br>Br\u00e4uhausstra\u00dfe 4<br>80331 M\u00fcnchen<br><a href=\"mailto:f.freundl@triconlaw.de\">f.freundl@triconlaw.de<\/a><\/p>\n<\/div><\/div>\n<\/div>\n<\/div>\n<\/div>\n<\/div>\n<\/div>\n<\/div>\n<\/div>\n<\/div>\n<\/div>\n<\/div>\n\n\n\n<button class=\"style-swiper-btn-next\" title=\"scroll next\"><img decoding=\"async\" src=\"\/wp-content\/uploads\/triconlaw.de_arrow-right.svg\" class=\"slider-arrow-right\"\/><\/button>\n<\/div>\n<\/div>\n<\/div>\n<\/div>\n<\/div><\/section>\n\n\n\n<div class=\"wp-block-columns is-layout-flex wp-container-core-columns-is-layout-9d6595d7 wp-block-columns-is-layout-flex\">\n<div class=\"wp-block-column meet-us-container section mw-u-i bg-darkblue bg-tricon center is-layout-flow wp-block-column-is-layout-flow\">\n<h2 class=\"has-text-align-center mt-0 c-blue wp-block-heading\">Would you like to get to know us personally?<\/h2>\n\n\n\n<p class=\"has-text-align-center mw-620 m-a regular c-white mb-50 mb-s-30\">We look forward to welcoming you to our office in the heart of Munich. Alternatively, we are at your disposal via video conference or telephone.<\/p>\n\n\n\n<div class=\"wp-block-buttons is-content-justification-center is-layout-flex wp-container-core-buttons-is-layout-16018d1d wp-block-buttons-is-layout-flex\">\n<div class=\"wp-block-button btn-primary js-scroll fade-in-bottom\"><a class=\"wp-block-button__link\" href=\"https:\/\/www.triconlaw.de\/en\/contact\/#kontaktformular\">Make an appointment<\/a><\/div>\n<\/div>\n<\/div>\n<\/div>\n","protected":false},"excerpt":{"rendered":"<p>Careers TRICON is a law and tax consulting firm for medium-sized businesses operating throughout Germany, with its headquarters in the center of Munich. Our integrated consulting approach combines the areas of legal advice and tax consulting, also considering economic and commercial law aspects. Slide 1 Auditor \/ tax consultant (m\/f\/x) with focus on transactions Your [&hellip;]<\/p>\n","protected":false},"author":3,"featured_media":0,"parent":0,"menu_order":0,"comment_status":"closed","ping_status":"closed","template":"","meta":{"footnotes":""},"class_list":["post-4011","page","type-page","status-publish","hentry"],"_links":{"self":[{"href":"https:\/\/www.triconlaw.de\/en\/wp-json\/wp\/v2\/pages\/4011","targetHints":{"allow":["GET"]}}],"collection":[{"href":"https:\/\/www.triconlaw.de\/en\/wp-json\/wp\/v2\/pages"}],"about":[{"href":"https:\/\/www.triconlaw.de\/en\/wp-json\/wp\/v2\/types\/page"}],"author":[{"embeddable":true,"href":"https:\/\/www.triconlaw.de\/en\/wp-json\/wp\/v2\/users\/3"}],"replies":[{"embeddable":true,"href":"https:\/\/www.triconlaw.de\/en\/wp-json\/wp\/v2\/comments?post=4011"}],"version-history":[{"count":53,"href":"https:\/\/www.triconlaw.de\/en\/wp-json\/wp\/v2\/pages\/4011\/revisions"}],"predecessor-version":[{"id":4386,"href":"https:\/\/www.triconlaw.de\/en\/wp-json\/wp\/v2\/pages\/4011\/revisions\/4386"}],"wp:attachment":[{"href":"https:\/\/www.triconlaw.de\/en\/wp-json\/wp\/v2\/media?parent=4011"}],"curies":[{"name":"wp","href":"https:\/\/api.w.org\/{rel}","templated":true}]}}