{"id":4001,"date":"2021-11-03T10:30:59","date_gmt":"2021-11-03T09:30:59","guid":{"rendered":"https:\/\/www.triconlaw.de\/imprint\/"},"modified":"2022-05-13T11:46:20","modified_gmt":"2022-05-13T09:46:20","slug":"imprint","status":"publish","type":"page","link":"https:\/\/www.triconlaw.de\/en\/imprint\/","title":{"rendered":"Imprint"},"content":{"rendered":"\n<div class=\"wp-block-group teaser-container center\"><div class=\"wp-block-group__inner-container is-layout-flow wp-block-group-is-layout-flow\">\n<figure class=\"wp-block-image size-full teaserimage\"><img decoding=\"async\" src=\"\/wp-content\/uploads\/triconlaw.de_teaser-impressum.jpg\" alt=\"\" class=\"wp-image-27\"\/><\/figure>\n\n\n<div class=\"wp-block-group teaser-title\"><div class=\"wp-block-group__inner-container is-layout-flow wp-block-group-is-layout-flow\">\n<h1 class=\"has-text-align-center wp-block-heading\" id=\"title\">Imprint<\/h1>\n<\/div><\/div>\n<\/div><\/div>\n\n<section class=\"wp-block-group section mw-840 center\"><div class=\"wp-block-group__inner-container is-layout-flow wp-block-group-is-layout-flow\"><p><strong>TRICON - RECHTSANW\u00c4LTE STEUERBERATER<\/strong><\/p><p>Fabian Freundl<br \/>Rechtsanwalt Steuerberater<\/p><p class=\"ZAB_eng\">Br\u00e4uhausstra\u00dfe 4 <br \/>80331 M\u00fcnchen <br \/>Telefon: 089\/2737476-0 <br \/>Telefax: 089\/2737476-20 <br \/>EMail: <a href=\"mailto:kanzlei@tricon.law\">kanzlei@tricon.law<\/a><\/p><p>Internet: www.tricon.law<\/p><p class=\"ZAB_eng\"><strong>Umsatzsteuer-Identifikationsnummer gem\u00e4\u00df \u00a7 27 a Umsatzsteuergesetz:<\/strong><\/p><p>DE 459306903<\/p><p class=\"ZAB_eng\"><strong>Vertretungsberechtigt gem\u00e4\u00df \u00a7 5 Telemediengesetz (TMG): <br \/><\/strong>Fabian Freundl\u00a0<\/p><p><strong>Abgaben gem\u00e4\u00df \u00a7 5 Abs. 1 Nr. 3 und 5 TMG:<\/strong><\/p><p>Die Rechtsanw\u00e4lte und Steuerberater (in Deutschland verliehene Berufsbezeichnung) von TRICON unterliegen den jeweiligen berufsrechtlichen Regelungen.<\/p><p class=\"ZAB_eng\">Zust\u00e4ndige Kammern und Aufsichtsbeh\u00f6rden:<\/p><p class=\"ZAB_eng\">Rechtsanwaltskammer f\u00fcr den Oberlandesgerichtsbezirk M\u00fcnchen <br \/>Tal 33 <br \/>80331 M\u00fcnchen <br \/>Tel.: +49 (89) 532944-0 <br \/>Fax.: +49 (89) 532944-28 <br \/><a href=\"http:\/\/www.rechtsanwaltskammer-muenchen.de\/\" target=\"_blank\" rel=\"noopener\">www.rechtsanwaltskammer-muenchen.de<\/a><\/p><p class=\"ZAB_eng\">Die in der Kanzlei t\u00e4tigen Partner und Mitarbeiter sind - soweit sie die Berufsbezeichnung Steuerberater tragen - Mitglieder der folgenden Steuerberaterkammer:<\/p><p class=\"ZAB_eng\">Steuerberaterkammer M\u00fcnchen <br \/>Nederlinger Stra\u00dfe 9 <br \/>80638 M\u00fcnchen <br \/>Tel.: +49 (89) 157902-0 <br \/>Fax.: +49 (89) 157902-19 <br \/><a href=\"http:\/\/www.stbk-muc.de\/\" target=\"_blank\" rel=\"noopener\">www.stbk-muc.de<\/a><\/p><p class=\"ZAB_eng\">Berufsrechtliche Regelungen f\u00fcr Rechtsanw\u00e4lte ( <a href=\"http:\/\/www.brak.de\/\" target=\"_blank\" rel=\"noopener\">www.brak.de<\/a>): <br \/>Bundesrechtsanwaltsordnung, Berufsordnung f\u00fcr Rechtsanw\u00e4lte, Fachanwaltsordnung, Gesetz \u00fcber die Verg\u00fctung der Rechtsanw\u00e4ltinnen und Rechtsanw\u00e4lte<\/p><p class=\"ZAB_eng\">Berufsrechtliche Regelungen f\u00fcr Steuerberater ( <a href=\"http:\/\/www.bstbk.de\/\" target=\"_blank\" rel=\"noopener\">www.bstbk.de<\/a>): <br \/>Steuerberatungsgesetz, Satzung \u00fcber die Rechte und Pflichten bei der Aus\u00fcbung der Berufe der Steuerberater und der Steuerbevollm\u00e4chtigten, Geb\u00fchrenverordnung f\u00fcr Steuerberater, Steuerbevollm\u00e4chtigte und Steuerberatungsgesellschaften, Verordnung zur Durchf\u00fchrung der Vorschriften \u00fcber Steuerberater, Steuerbevollm\u00e4chtigte und Steuerberatungsgesellschaften<\/p><p class=\"ZAB_eng\"><strong>Berufshaftpflichtversicherung: <br \/><\/strong>Die Berufshaftpflichtversicherung besteht bei der Gothaer Allgemeine Versicherung AG, Gothaer Allee 1, 50969 K\u00f6ln. Der r\u00e4umliche Geltungsbereich des Versicherungsschutzes umfasst T\u00e4tigkeiten in Europa und gen\u00fcgt damit mindestens den Anforderungen des \u00a7 51 Bundesrechtsanwaltsordnung (BRAO).<\/p><p class=\"ZAB_eng\"><strong>Design und technische Umsetzung:<\/strong> <br \/>twin Werbeagentur GmbH<br \/>Truderingerstra\u00dfe 302a<br \/>81825 M\u00fcnchen<br \/>Deutschland<br \/>Telefon: <a class=\"c-blue\" href=\"tel:08918904310\">089 189 04 31 0<\/a><br \/>E-Mail: <a class=\"c-blue\" href=\"mailto:info@twin-gmbh.de\">info@twin-gmbh.de<\/a><br \/>Web: <a style=\"color: #38a8e0;\" href=\"https:\/\/twin-gmbh.de\">www.twin-gmbh.de<\/a><\/p><p class=\"ZAB_eng\"><strong>Haftungshinweis: <br \/><\/strong>Trotz sorgf\u00e4ltiger inhaltlicher Kontrolle \u00fcbernehmen wir keine Haftung f\u00fcr die Inhalte externer Links. F\u00fcr den Inhalt der verlinkten Seiten sind ausschlie\u00dflich deren Betreiber verantwortlich. Die Vollst\u00e4ndigkeit, Richtigkeit und Aktualit\u00e4t der auf der Webseite angebotenen Informationen kann nicht gew\u00e4hrleistet werden.<\/p><p class=\"ZAB_eng\"><strong>Copyright:<\/strong><\/p><p>Jegliche Inhalte und Informationen, die auf dieser Internetseite zur Verf\u00fcgung gestellt werden, sind urheberrechtlich gesch\u00fctzt. Die gilt nicht f\u00fcr Links. Diesbez\u00fcglich verweisen wir auf die Angaben unter \u201cHaftungshinweis\u201d. Das Copyright hinsichtlich der Bilder auf dieser Homepage liegt bei Uta Bodenstein.<\/p>\n\n\n<p><strong>Haftung f\u00fcr Inhalte<\/strong><br \/>\nAls Diensteanbieter sind wir f\u00fcr eigene Inhalte auf diesen Seiten nach den allgemeinen Gesetzen verantwortlich. Wir sind als Diensteanbieter jedoch nicht verpflichtet, \u00fcbermittelte oder gespeicherte fremde Informationen zu \u00fcberwachen oder nach Umst\u00e4nden zu forschen, die auf eine rechtswidrige T\u00e4tigkeit hinweisen.<\/p>\n<p>Verpflichtungen zur Entfernung oder Sperrung der Nutzung von Informationen nach den allgemeinen Gesetzen bleiben hiervon unber\u00fchrt. Eine diesbez\u00fcgliche Haftung ist jedoch erst ab dem Zeitpunkt der Kenntnis einer konkreten Rechtsverletzung m\u00f6glich. Bei Bekanntwerden von entsprechenden Rechtsverletzungen werden wir diese Inhalte umgehend entfernen.<\/p>\n<p><strong>Haftung f\u00fcr Links<\/strong><br \/>\nUnser Angebot enth\u00e4lt Links zu externen Websites Dritter, auf deren Inhalte wir keinen Einfluss haben. Deshalb k\u00f6nnen wir f\u00fcr diese fremden Inhalte auch keine Gew\u00e4hr \u00fcbernehmen. F\u00fcr die Inhalte der verlinkten Seiten ist stets der jeweilige Anbieter oder Betreiber der Seiten verantwortlich. Die verlinkten Seiten wurden zum Zeitpunkt der Verlinkung auf m\u00f6gliche Rechtsverst\u00f6\u00dfe \u00fcberpr\u00fcft. Rechtswidrige Inhalte waren zum Zeitpunkt der Verlinkung nicht erkennbar.<\/p>\n<p>Eine permanente inhaltliche Kontrolle der verlinkten Seiten ist jedoch ohne konkrete Anhaltspunkte einer Rechtsverletzung nicht zumutbar. Bei Bekanntwerden von Rechtsverletzungen werden wir derartige Links umgehend entfernen.<\/p>\n<p><strong>Urheberrecht<\/strong><br \/>\nDie durch die Seitenbetreiber erstellten Inhalte und Werke auf diesen Seiten unterliegen dem deutschen Urheberrecht. Die Vervielf\u00e4ltigung, Bearbeitung, Verbreitung und jede Art der Verwertung au\u00dferhalb der Grenzen des Urheberrechtes bed\u00fcrfen der schriftlichen Zustimmung des jeweiligen Autors bzw. Erstellers. Downloads und Kopien dieser Seite sind nur f\u00fcr den privaten, nicht kommerziellen Gebrauch gestattet.<\/p>\n<p>Soweit die Inhalte auf dieser Seite nicht vom Betreiber erstellt wurden, werden die Urheberrechte Dritter beachtet. Insbesondere werden Inhalte Dritter als solche gekennzeichnet. Sollten Sie trotzdem auf eine Urheberrechtsverletzung aufmerksam werden, bitten wir um einen entsprechenden Hinweis. Bei Bekanntwerden von Rechtsverletzungen werden wir derartige Inhalte umgehend entfernen.<\/p>\n\n\n\n\n\n\n\n\n\n\n<p><b>Aktuelle Version<\/b><\/p>\r\n\n\n20.01.2026 09:40 Uhr\n<\/div><\/section>\n\n<div class=\"wp-block-columns is-layout-flex wp-container-core-columns-is-layout-9d6595d7 wp-block-columns-is-layout-flex\">\n<div class=\"wp-block-column meet-us-container section mw-u-i bg-darkblue bg-tricon center is-layout-flow wp-block-column-is-layout-flow\">\n<h2 class=\"has-text-align-center mt-0 c-blue wp-block-heading\">Would you like to get to know us personally?<\/h2>\n\n\n\n<p class=\"has-text-align-center mw-620 m-a regular c-white mb-50 mb-s-30\">We look forward to welcoming you to our office in the heart of Munich. Alternatively, we are at your disposal via video conference or telephone.<\/p>\n\n\n\n<div class=\"wp-block-buttons is-content-justification-center is-layout-flex wp-container-core-buttons-is-layout-16018d1d wp-block-buttons-is-layout-flex\">\n<div class=\"wp-block-button btn-primary js-scroll fade-in-bottom\"><a class=\"wp-block-button__link\" href=\"https:\/\/www.triconlaw.de\/en\/contact\/#kontaktformular\">Make an appointment<\/a><\/div>\n<\/div>\n<\/div>\n<\/div>\n","protected":false},"excerpt":{"rendered":"<p>Imprint Aktuelle Version<\/p>\n","protected":false},"author":3,"featured_media":0,"parent":0,"menu_order":0,"comment_status":"closed","ping_status":"closed","template":"","meta":{"footnotes":""},"class_list":["post-4001","page","type-page","status-publish","hentry"],"_links":{"self":[{"href":"https:\/\/www.triconlaw.de\/en\/wp-json\/wp\/v2\/pages\/4001","targetHints":{"allow":["GET"]}}],"collection":[{"href":"https:\/\/www.triconlaw.de\/en\/wp-json\/wp\/v2\/pages"}],"about":[{"href":"https:\/\/www.triconlaw.de\/en\/wp-json\/wp\/v2\/types\/page"}],"author":[{"embeddable":true,"href":"https:\/\/www.triconlaw.de\/en\/wp-json\/wp\/v2\/users\/3"}],"replies":[{"embeddable":true,"href":"https:\/\/www.triconlaw.de\/en\/wp-json\/wp\/v2\/comments?post=4001"}],"version-history":[{"count":2,"href":"https:\/\/www.triconlaw.de\/en\/wp-json\/wp\/v2\/pages\/4001\/revisions"}],"predecessor-version":[{"id":4034,"href":"https:\/\/www.triconlaw.de\/en\/wp-json\/wp\/v2\/pages\/4001\/revisions\/4034"}],"wp:attachment":[{"href":"https:\/\/www.triconlaw.de\/en\/wp-json\/wp\/v2\/media?parent=4001"}],"curies":[{"name":"wp","href":"https:\/\/api.w.org\/{rel}","templated":true}]}}